{"id":420,"date":"2026-02-18T19:47:06","date_gmt":"2026-02-19T00:47:06","guid":{"rendered":"https:\/\/ceaspeedcar.com\/?post_type=product&#038;p=420"},"modified":"2026-02-20T16:24:03","modified_gmt":"2026-02-20T21:24:03","slug":"categoria-a2","status":"publish","type":"product","link":"https:\/\/ceaspeedcar.com\/index.php\/producto\/categoria-a2\/","title":{"rendered":"Categor\u00eda A2"},"content":{"rendered":"","protected":false},"excerpt":{"rendered":"<p>Formaci\u00f3n para la conducci\u00f3n segura de motocicletas, enfocada en el control del veh\u00edculo, normas de tr\u00e1nsito y seguridad vial.<\/p>\n<p>125 Clases de Teor\u00eda<br \/>\n3 Clases de Taller<br \/>\n15 Clases Pr\u00e1cticas<br \/>\nExamen M\u00e9dico<br \/>\nCertificado Academia<\/p>\n","protected":false},"featured_media":474,"comment_status":"open","ping_status":"closed","template":"","meta":{"_joinchat":[]},"product_brand":[],"product_cat":[22],"product_tag":[],"class_list":{"0":"post-420","1":"product","2":"type-product","3":"status-publish","4":"has-post-thumbnail","6":"product_cat-moto","8":"first","9":"instock","10":"shipping-taxable","11":"purchasable","12":"product-type-simple"},"jetpack_sharing_enabled":true,"_links":{"self":[{"href":"https:\/\/ceaspeedcar.com\/index.php\/wp-json\/wp\/v2\/product\/420","targetHints":{"allow":["GET"]}}],"collection":[{"href":"https:\/\/ceaspeedcar.com\/index.php\/wp-json\/wp\/v2\/product"}],"about":[{"href":"https:\/\/ceaspeedcar.com\/index.php\/wp-json\/wp\/v2\/types\/product"}],"replies":[{"embeddable":true,"href":"https:\/\/ceaspeedcar.com\/index.php\/wp-json\/wp\/v2\/comments?post=420"}],"wp:featuredmedia":[{"embeddable":true,"href":"https:\/\/ceaspeedcar.com\/index.php\/wp-json\/wp\/v2\/media\/474"}],"wp:attachment":[{"href":"https:\/\/ceaspeedcar.com\/index.php\/wp-json\/wp\/v2\/media?parent=420"}],"wp:term":[{"taxonomy":"product_brand","embeddable":true,"href":"https:\/\/ceaspeedcar.com\/index.php\/wp-json\/wp\/v2\/product_brand?post=420"},{"taxonomy":"product_cat","embeddable":true,"href":"https:\/\/ceaspeedcar.com\/index.php\/wp-json\/wp\/v2\/product_cat?post=420"},{"taxonomy":"product_tag","embeddable":true,"href":"https:\/\/ceaspeedcar.com\/index.php\/wp-json\/wp\/v2\/product_tag?post=420"}],"curies":[{"name":"wp","href":"https:\/\/api.w.org\/{rel}","templated":true}]}}