{"id":425,"date":"2026-02-18T19:49:28","date_gmt":"2026-02-19T00:49:28","guid":{"rendered":"https:\/\/ceaspeedcar.com\/?post_type=product&#038;p=425"},"modified":"2026-03-02T20:57:27","modified_gmt":"2026-03-03T01:57:27","slug":"categoria-b1","status":"publish","type":"product","link":"https:\/\/ceaspeedcar.com\/index.php\/producto\/categoria-b1\/","title":{"rendered":"Categor\u00eda B1"},"content":{"rendered":"","protected":false},"excerpt":{"rendered":"<div class=\"elementor-element elementor-element-efa6da1 elementor-widget elementor-widget-text-editor\" data-id=\"efa6da1\" data-element_type=\"widget\" data-widget_type=\"text-editor.default\">\n<div class=\"elementor-widget-container\">\n<p data-start=\"396\" data-end=\"523\">Programa de formaci\u00f3n para veh\u00edculos particulares, orientado a una conducci\u00f3n responsable y al cumplimiento de la normatividad.<\/p>\n<\/div>\n<\/div>\n<div class=\"elementor-element elementor-element-f7cc4f9 elementor-align-center elementor-icon-list--layout-traditional elementor-list-item-link-full_width elementor-widget elementor-widget-icon-list\" data-id=\"f7cc4f9\" data-element_type=\"widget\" data-widget_type=\"icon-list.default\">\n<div class=\"elementor-widget-container\">\n<ul class=\"elementor-icon-list-items\">\n<li class=\"elementor-icon-list-item\"><i class=\"fas fa-check\" aria-hidden=\"true\"><\/i><span class=\"elementor-icon-list-text\">Autom\u00f3viles y camionetas de uso particular<\/span><\/li>\n<li class=\"elementor-icon-list-item\"><i class=\"fas fa-check\" aria-hidden=\"true\"><\/i><span class=\"elementor-icon-list-text\">Conducci\u00f3n responsable y segura<\/span><\/li>\n<\/ul>\n<\/div>\n<\/div>\n<div class=\"elementor-element elementor-element-a256f4b elementor-align-center elementor-widget elementor-widget-button\" data-id=\"a256f4b\" data-element_type=\"widget\" data-widget_type=\"button.default\">\n<div class=\"elementor-widget-container\">\n<div class=\"elementor-button-wrapper\">25 Clases de Teor\u00eda<br \/>\n5 Clases de Taller<br \/>\n20 Clases Pr\u00e1cticas<br \/>\nExamen M\u00e9dico<br \/>\nCertificado Academia<\/div>\n<\/div>\n<\/div>\n","protected":false},"featured_media":256,"comment_status":"open","ping_status":"closed","template":"","meta":{"_joinchat":[]},"product_brand":[],"product_cat":[23],"product_tag":[],"class_list":{"0":"post-425","1":"product","2":"type-product","3":"status-publish","4":"has-post-thumbnail","6":"product_cat-carro","8":"first","9":"instock","10":"sale","11":"shipping-taxable","12":"purchasable","13":"product-type-simple"},"jetpack_sharing_enabled":true,"_links":{"self":[{"href":"https:\/\/ceaspeedcar.com\/index.php\/wp-json\/wp\/v2\/product\/425","targetHints":{"allow":["GET"]}}],"collection":[{"href":"https:\/\/ceaspeedcar.com\/index.php\/wp-json\/wp\/v2\/product"}],"about":[{"href":"https:\/\/ceaspeedcar.com\/index.php\/wp-json\/wp\/v2\/types\/product"}],"replies":[{"embeddable":true,"href":"https:\/\/ceaspeedcar.com\/index.php\/wp-json\/wp\/v2\/comments?post=425"}],"wp:featuredmedia":[{"embeddable":true,"href":"https:\/\/ceaspeedcar.com\/index.php\/wp-json\/wp\/v2\/media\/256"}],"wp:attachment":[{"href":"https:\/\/ceaspeedcar.com\/index.php\/wp-json\/wp\/v2\/media?parent=425"}],"wp:term":[{"taxonomy":"product_brand","embeddable":true,"href":"https:\/\/ceaspeedcar.com\/index.php\/wp-json\/wp\/v2\/product_brand?post=425"},{"taxonomy":"product_cat","embeddable":true,"href":"https:\/\/ceaspeedcar.com\/index.php\/wp-json\/wp\/v2\/product_cat?post=425"},{"taxonomy":"product_tag","embeddable":true,"href":"https:\/\/ceaspeedcar.com\/index.php\/wp-json\/wp\/v2\/product_tag?post=425"}],"curies":[{"name":"wp","href":"https:\/\/api.w.org\/{rel}","templated":true}]}}