{"id":437,"date":"2026-02-18T20:11:07","date_gmt":"2026-02-19T01:11:07","guid":{"rendered":"https:\/\/ceaspeedcar.com\/?post_type=product&#038;p=437"},"modified":"2026-02-18T20:11:07","modified_gmt":"2026-02-19T01:11:07","slug":"categoria-a2-c1","status":"publish","type":"product","link":"https:\/\/ceaspeedcar.com\/index.php\/producto\/categoria-a2-c1\/","title":{"rendered":"Categor\u00eda A2 &#8211; C1"},"content":{"rendered":"","protected":false},"excerpt":{"rendered":"<div class=\"elementor-element elementor-element-839f472 elementor-widget elementor-widget-text-editor\" data-id=\"839f472\" data-element_type=\"widget\" data-widget_type=\"text-editor.default\">\n<div class=\"elementor-widget-container\">\n<p data-start=\"570\" data-end=\"691\">Formaci\u00f3n para la conducci\u00f3n de veh\u00edculos de servicio p\u00fablico, con \u00e9nfasis en seguridad vial y responsabilidad en la v\u00eda.<\/p>\n<\/div>\n<\/div>\n<ul class=\"elementor-icon-list-items\">\n<li class=\"elementor-icon-list-item\"><span class=\"elementor-icon-list-text\">Conduce motocicletas de cualquier cilindraje<\/span><\/li>\n<li class=\"elementor-icon-list-item\"><i class=\"fas fa-check\" aria-hidden=\"true\"><\/i><span class=\"elementor-icon-list-text\">Maneja veh\u00edculos de servicio p\u00fablico tipo taxi o transporte especial<\/span><\/li>\n<li class=\"elementor-icon-list-item\"><i class=\"fas fa-check\" aria-hidden=\"true\"><\/i><span class=\"elementor-icon-list-text\">Ampl\u00eda tus oportunidades laborales y genera m\u00e1s ingresos<\/span><\/li>\n<\/ul>\n<p>30 Clases de Teor\u00eda<br \/>\n5 Clases de Taller<br \/>\n30 Clases Pr\u00e1cticas<br \/>\nExamen M\u00e9dico<br \/>\nCertificado Academia<\/p>\n<p>&nbsp;<\/p>\n","protected":false},"featured_media":442,"comment_status":"open","ping_status":"closed","template":"","meta":{"_joinchat":[]},"product_brand":[],"product_cat":[22,24],"product_tag":[],"class_list":{"0":"post-437","1":"product","2":"type-product","3":"status-publish","4":"has-post-thumbnail","6":"product_cat-moto","7":"product_cat-taxi","9":"first","10":"instock","11":"shipping-taxable","12":"purchasable","13":"product-type-simple"},"jetpack_sharing_enabled":true,"_links":{"self":[{"href":"https:\/\/ceaspeedcar.com\/index.php\/wp-json\/wp\/v2\/product\/437","targetHints":{"allow":["GET"]}}],"collection":[{"href":"https:\/\/ceaspeedcar.com\/index.php\/wp-json\/wp\/v2\/product"}],"about":[{"href":"https:\/\/ceaspeedcar.com\/index.php\/wp-json\/wp\/v2\/types\/product"}],"replies":[{"embeddable":true,"href":"https:\/\/ceaspeedcar.com\/index.php\/wp-json\/wp\/v2\/comments?post=437"}],"wp:featuredmedia":[{"embeddable":true,"href":"https:\/\/ceaspeedcar.com\/index.php\/wp-json\/wp\/v2\/media\/442"}],"wp:attachment":[{"href":"https:\/\/ceaspeedcar.com\/index.php\/wp-json\/wp\/v2\/media?parent=437"}],"wp:term":[{"taxonomy":"product_brand","embeddable":true,"href":"https:\/\/ceaspeedcar.com\/index.php\/wp-json\/wp\/v2\/product_brand?post=437"},{"taxonomy":"product_cat","embeddable":true,"href":"https:\/\/ceaspeedcar.com\/index.php\/wp-json\/wp\/v2\/product_cat?post=437"},{"taxonomy":"product_tag","embeddable":true,"href":"https:\/\/ceaspeedcar.com\/index.php\/wp-json\/wp\/v2\/product_tag?post=437"}],"curies":[{"name":"wp","href":"https:\/\/api.w.org\/{rel}","templated":true}]}}